{"id":726,"date":"2024-05-13T09:36:31","date_gmt":"2024-05-13T08:36:31","guid":{"rendered":"https:\/\/guilloasociados.com\/?page_id=726"},"modified":"2024-05-14T08:46:42","modified_gmt":"2024-05-14T07:46:42","slug":"assessorament","status":"publish","type":"page","link":"https:\/\/guilloasociados.com\/ca\/assessorament\/","title":{"rendered":"Assessorament"},"content":{"rendered":"<div class=\"wpb-content-wrapper\"><p>[vc_row content_placement=&#8221;middle&#8221; css_animation=&#8221;left-to-right&#8221; conditional_render=&#8221;%5B%7B%22value_role%22%3A%22administrator%22%7D%5D&#8221; el_id=&#8221;fiscal&#8221; css=&#8221;.vc_custom_1715595281262{padding-top: 40px !important;padding-bottom: 40px !important;}&#8221;][vc_column]<div class=\"porto-u-heading  wpb_custom_95aa9a11c17ad45cfabaf210d84ee7cc porto-u-ad87e2eaf3f9c495180fe0156ddf3eb0 \"><div class=\"porto-u-main-heading\"><h2  >\u00c0rea Fiscal<\/h2><\/div><style>.porto-u-ad87e2eaf3f9c495180fe0156ddf3eb0.porto-u-heading{text-align:left}<\/style><\/div>[vc_custom_heading text=&#8221;Oferim assessorament fiscal integral, Hot Line continua.&#8221; font_container=&#8221;tag:h3|text_align:left&#8221; use_theme_fonts=&#8221;yes&#8221; css=&#8221;&#8221;][\/vc_column][vc_column width=&#8221;1\/3&#8243;][vc_single_image image=&#8221;709&#8243; img_size=&#8221;400&#215;265&#8243; css=&#8221;.vc_custom_1715672496394{margin-top: 20px !important;margin-bottom: 20px !important;}&#8221; label=&#8221;&#8221;][\/vc_column][vc_column width=&#8221;1\/3&#8243;][vc_column_text css=&#8221;&#8221;]<strong>Retencions de I.R.P.F.:<\/strong>[\/vc_column_text]<style>.porto-info-list26f4d3be39de2d34a68a1eb785a89d1e i { color: #001250; }<\/style><ul class=\"porto-info-list  porto-info-list26f4d3be39de2d34a68a1eb785a89d1e wpb_custom_ded75339d5a97a3c64500ece68e4ef1a\"><li class=\"porto-info-list-item  wpb_custom_eade0171093a7591372ccf9372738e3d\"><i class=\"porto-info-icon porto-icon-check-circle\"><\/i><div class=\"porto-info-list-item-desc\">Model 110\/111 retencions (Treballadors i Professionals) i Resum Anual Model 190<\/div><\/li><li class=\"porto-info-list-item  wpb_custom_eade0171093a7591372ccf9372738e3d\"><i class=\"porto-info-icon porto-icon-check-circle\"><\/i><div class=\"porto-info-list-item-desc\">Model 123 retencions (de capital mobiliari) i Resum Anual Mod 193<\/div><\/li><li class=\"porto-info-list-item  wpb_custom_eade0171093a7591372ccf9372738e3d\"><i class=\"porto-info-icon porto-icon-check-circle\"><\/i><div class=\"porto-info-list-item-desc\">Model 115 retencions (de capital immobiliari) i Resum Anual Mod 180<\/div><\/li><li class=\"porto-info-list-item  wpb_custom_eade0171093a7591372ccf9372738e3d\"><i class=\"porto-info-icon porto-icon-check-circle\"><\/i><div class=\"porto-info-list-item-desc\">Model 130\/131 de pagaments a compte<\/div><\/li><\/ul>[\/vc_column][vc_column width=&#8221;1\/3&#8243;][vc_column_text css=&#8221;&#8221;]<strong>Liquidacions de I.V.A:<\/strong>[\/vc_column_text]<style>.porto-info-list26f4d3be39de2d34a68a1eb785a89d1e i { color: #001250; }<\/style><ul class=\"porto-info-list  porto-info-list26f4d3be39de2d34a68a1eb785a89d1e wpb_custom_ded75339d5a97a3c64500ece68e4ef1a\"><li class=\"porto-info-list-item  wpb_custom_eade0171093a7591372ccf9372738e3d\"><i class=\"porto-info-icon porto-icon-check-circle\"><\/i><div class=\"porto-info-list-item-desc\">Model 303\/340 i Resum Anual Model 390<\/div><\/li><li class=\"porto-info-list-item  wpb_custom_eade0171093a7591372ccf9372738e3d\"><i class=\"porto-info-icon porto-icon-check-circle\"><\/i><div class=\"porto-info-list-item-desc\">Model 310 estimaci\u00f3 objectiva<\/div><\/li><\/ul>[vc_column_text css=&#8221;&#8221;]<strong>Altres:<\/strong>[\/vc_column_text]<style>.porto-info-list26f4d3be39de2d34a68a1eb785a89d1e i { color: #001250; }<\/style><ul class=\"porto-info-list  porto-info-list26f4d3be39de2d34a68a1eb785a89d1e wpb_custom_ded75339d5a97a3c64500ece68e4ef1a\"><li class=\"porto-info-list-item  wpb_custom_eade0171093a7591372ccf9372738e3d\"><i class=\"porto-info-icon porto-icon-check-circle\"><\/i><div class=\"porto-info-list-item-desc\">Model 347 Resum Anual d&#8217;Operacions superiors als 3.005,06 \u20ac<\/div><\/li><li class=\"porto-info-list-item  wpb_custom_eade0171093a7591372ccf9372738e3d\"><i class=\"porto-info-icon porto-icon-check-circle\"><\/i><div class=\"porto-info-list-item-desc\">Model 200\/202 Impost sobre societats de l&#8217;exercici, aix\u00ed com els pagaments a compte.<\/div><\/li><\/ul>[\/vc_column][\/vc_row][vc_row full_width=&#8221;stretch_row&#8221; content_placement=&#8221;middle&#8221; css_animation=&#8221;right-to-left&#8221; conditional_render=&#8221;%5B%7B%22value_role%22%3A%22administrator%22%7D%5D&#8221; el_id=&#8221;contable&#8221; css=&#8221;.vc_custom_1715672420314{padding-top: 40px !important;padding-bottom: 40px !important;}&#8221; el_class=&#8221;mlh_asesoramiento_background&#8221;][vc_column width=&#8221;2\/3&#8243;]<div class=\"porto-u-heading  wpb_custom_95aa9a11c17ad45cfabaf210d84ee7cc porto-u-ad87e2eaf3f9c495180fe0156ddf3eb0 \"><div class=\"porto-u-main-heading\"><h2  >\u00c0rea Contable<\/h2><\/div><style>.porto-u-ad87e2eaf3f9c495180fe0156ddf3eb0.porto-u-heading{text-align:left}<\/style><\/div>[vc_column_text css=&#8221;.vc_custom_1715672692584{margin-bottom: 15px !important;}&#8221;]Els nostres serveis comprenen l&#8217;assessorament continuat hot-line respecte temes comptables seients, interpretacions, criteris etc\u2026tant de comptabilitat financera com anal\u00edtica. Assessoria per a un possible canvi de programa de gesti\u00f3 i comptabilitat a utilitzar.[\/vc_column_text][vc_column_text css=&#8221;.vc_custom_1715672411018{margin-bottom: 20px !important;}&#8221;]<strong>An\u00e0lisi peri\u00f2dics de Balan\u00e7os i resultats, amb diferents fins:<\/strong>[\/vc_column_text]<style>.porto-info-list26f4d3be39de2d34a68a1eb785a89d1e i { color: #001250; }<\/style><ul class=\"porto-info-list  porto-info-list26f4d3be39de2d34a68a1eb785a89d1e wpb_custom_c21912dd874233f16b92f04db52bbe8e\"><li class=\"porto-info-list-item  wpb_custom_eade0171093a7591372ccf9372738e3d\"><i class=\"porto-info-icon porto-icon-check-circle\"><\/i><div class=\"porto-info-list-item-desc\">Estructura financera<\/div><\/li><li class=\"porto-info-list-item  wpb_custom_eade0171093a7591372ccf9372738e3d\"><i class=\"porto-info-icon porto-icon-check-circle\"><\/i><div class=\"porto-info-list-item-desc\">Credibilitat fiscal<\/div><\/li><li class=\"porto-info-list-item  wpb_custom_eade0171093a7591372ccf9372738e3d\"><i class=\"porto-info-icon porto-icon-check-circle\"><\/i><div class=\"porto-info-list-item-desc\">Resultats anal\u00edtics<\/div><\/li><li class=\"porto-info-list-item  wpb_custom_eade0171093a7591372ccf9372738e3d\"><i class=\"porto-info-icon porto-icon-check-circle\"><\/i><div class=\"porto-info-list-item-desc\">Confecci\u00f3 i presentaci\u00f3 de comptes anuals<\/div><\/li><li class=\"porto-info-list-item  wpb_custom_eade0171093a7591372ccf9372738e3d\"><i class=\"porto-info-icon porto-icon-check-circle\"><\/i><div class=\"porto-info-list-item-desc\">Registre de llibres obligatoris<\/div><\/li><\/ul>[\/vc_column][vc_column width=&#8221;1\/3&#8243;][vc_single_image image=&#8221;715&#8243; img_size=&#8221;400&#215;265&#8243; alignment=&#8221;center&#8221; css=&#8221;.vc_custom_1715672486122{margin-top: 20px !important;margin-bottom: 20px !important;}&#8221; label=&#8221;&#8221;][\/vc_column][\/vc_row][vc_row content_placement=&#8221;middle&#8221; css_animation=&#8221;left-to-right&#8221; conditional_render=&#8221;%5B%7B%22value_role%22%3A%22administrator%22%7D%5D&#8221; el_id=&#8221;laboral&#8221; css=&#8221;.vc_custom_1715595343790{padding-top: 40px !important;padding-bottom: 40px !important;}&#8221;][vc_column]<div class=\"porto-u-heading  wpb_custom_95aa9a11c17ad45cfabaf210d84ee7cc porto-u-ad87e2eaf3f9c495180fe0156ddf3eb0 \"><div class=\"porto-u-main-heading\"><h2  >\u00c0rea Laboral<\/h2><\/div><style>.porto-u-ad87e2eaf3f9c495180fe0156ddf3eb0.porto-u-heading{text-align:left}<\/style><\/div>[vc_custom_heading text=&#8221;Oferim assessorament continuat hotline, sobre temes laborals.&#8221; font_container=&#8221;tag:h3|text_align:left&#8221; use_theme_fonts=&#8221;yes&#8221; css=&#8221;&#8221;][\/vc_column][vc_column width=&#8221;1\/3&#8243;][vc_single_image image=&#8221;712&#8243; img_size=&#8221;380&#215;540&#8243; css=&#8221;.vc_custom_1715672476924{margin-top: 20px !important;margin-bottom: 20px !important;}&#8221; label=&#8221;&#8221;][\/vc_column][vc_column width=&#8221;2\/3&#8243;]<style>.porto-info-list26f4d3be39de2d34a68a1eb785a89d1e i { color: #001250; }<\/style><ul class=\"porto-info-list  porto-info-list26f4d3be39de2d34a68a1eb785a89d1e wpb_custom_7ba84eeaca4c353a24d0f9f43e01d780\"><li class=\"porto-info-list-item  wpb_custom_eade0171093a7591372ccf9372738e3d\"><i class=\"porto-info-icon porto-icon-check-circle\"><\/i><div class=\"porto-info-list-item-desc\">Confecci\u00f3 de n\u00f2mines mensuals<\/div><\/li><li class=\"porto-info-list-item  wpb_custom_eade0171093a7591372ccf9372738e3d\"><i class=\"porto-info-icon porto-icon-check-circle\"><\/i><div class=\"porto-info-list-item-desc\">Confecci\u00f3 TC1TC2 mensuals, corresponents als codis de compte de cotitzaci\u00f3 actuals i s&#8217;hi inclourien, en tot cas, futurs codis de compte addicionals<\/div><\/li><li class=\"porto-info-list-item  wpb_custom_eade0171093a7591372ccf9372738e3d\"><i class=\"porto-info-icon porto-icon-check-circle\"><\/i><div class=\"porto-info-list-item-desc\">Confecci\u00f3 i relaci\u00f3 de treballadors bonificats Mod. TC 2\/1<\/div><\/li><li class=\"porto-info-list-item  wpb_custom_eade0171093a7591372ccf9372738e3d\"><i class=\"porto-info-icon porto-icon-check-circle\"><\/i><div class=\"porto-info-list-item-desc\">Confecci\u00f3 de liquidacions per finalitzaci\u00f3 de contractes<\/div><\/li><li class=\"porto-info-list-item  wpb_custom_eade0171093a7591372ccf9372738e3d\"><i class=\"porto-info-icon porto-icon-check-circle\"><\/i><div class=\"porto-info-list-item-desc\">Gesti\u00f3 d&#8217;altes i baixes, tant per accident del treballador davant de la m\u00fatua, com per malaltia comuna davant de l&#8217;INSS. Confecci\u00f3 i presentaci\u00f3 dels models trimestrals de retencions als treballadors i professionals (Mod. 110), aix\u00ed com la recapitulaci\u00f3 anual (Mod. 190)<\/div><\/li><li class=\"porto-info-list-item  wpb_custom_eade0171093a7591372ccf9372738e3d\"><i class=\"porto-info-icon porto-icon-check-circle\"><\/i><div class=\"porto-info-list-item-desc\">Certificat d&#8217;ingressos i retencions anuals a treballadors i professionals a efectes de la renda de les persones f\u00edsiques<\/div><\/li><li class=\"porto-info-list-item  wpb_custom_eade0171093a7591372ccf9372738e3d\"><i class=\"porto-info-icon porto-icon-check-circle\"><\/i><div class=\"porto-info-list-item-desc\">Llistat mensual de costos laborals per seccions de costos comptables<\/div><\/li><li class=\"porto-info-list-item  wpb_custom_eade0171093a7591372ccf9372738e3d\"><i class=\"porto-info-icon porto-icon-check-circle\"><\/i><div class=\"porto-info-list-item-desc\">Seguiment de finalitzacions de contractes, antiguitat i per\u00edode d&#8217;adaptaci\u00f3 o de prova<\/div><\/li><li class=\"porto-info-list-item  wpb_custom_eade0171093a7591372ccf9372738e3d\"><i class=\"porto-info-icon porto-icon-check-circle\"><\/i><div class=\"porto-info-list-item-desc\">Gesti\u00f3 d&#8217;altes i baixes, tant per accident del treballador davant de la m\u00fatua, com per malaltia comuna davant de l&#8217;INSS<\/div><\/li><li class=\"porto-info-list-item  wpb_custom_eade0171093a7591372ccf9372738e3d\"><i class=\"porto-info-icon porto-icon-check-circle\"><\/i><div class=\"porto-info-list-item-desc\">Diligenciat de llibres obligatoris<\/div><\/li><li class=\"porto-info-list-item  wpb_custom_eade0171093a7591372ccf9372738e3d\"><i class=\"porto-info-icon porto-icon-check-circle\"><\/i><div class=\"porto-info-list-item-desc\">An\u00e0lisi i assessorament de les modalitats de contractaci\u00f3 m\u00e9s beneficioses a cada moment, segons la legislaci\u00f3 vigent<\/div><\/li><\/ul>[\/vc_column][\/vc_row][vc_row full_width=&#8221;stretch_row&#8221; css_animation=&#8221;right-to-left&#8221; conditional_render=&#8221;%5B%7B%22value_role%22%3A%22administrator%22%7D%5D&#8221; el_id=&#8221;juridico-mercantil&#8221; css=&#8221;.vc_custom_1715595360119{padding-top: 40px !important;padding-bottom: 40px !important;}&#8221; el_class=&#8221;mlh_asesoramiento_background&#8221;][vc_column width=&#8221;1\/2&#8243;]<div class=\"porto-u-heading  wpb_custom_95aa9a11c17ad45cfabaf210d84ee7cc porto-u-ad87e2eaf3f9c495180fe0156ddf3eb0 \"><div class=\"porto-u-main-heading\"><h2  >\u00c0rea Jur\u00eddic-Mercantil<\/h2><\/div><style>.porto-u-ad87e2eaf3f9c495180fe0156ddf3eb0.porto-u-heading{text-align:left}<\/style><\/div>[vc_column_text css=&#8221;.vc_custom_1715672074199{margin-bottom: 30px !important;}&#8221;]Tenim experi\u00e8ncia a la Constituci\u00f3 de Societats mercantils i altres operacions societ\u00e0ria.[\/vc_column_text]<style>.porto-info-list26f4d3be39de2d34a68a1eb785a89d1e i { color: #001250; }<\/style><ul class=\"porto-info-list  porto-info-list26f4d3be39de2d34a68a1eb785a89d1e wpb_custom_c21912dd874233f16b92f04db52bbe8e\"><li class=\"porto-info-list-item  wpb_custom_eade0171093a7591372ccf9372738e3d\"><i class=\"porto-info-icon porto-icon-check-circle\"><\/i><div class=\"porto-info-list-item-desc\">Assessorament respecte a la forma m\u00e9s ajustada a les necessitats del moment<\/div><\/li><li class=\"porto-info-list-item  wpb_custom_eade0171093a7591372ccf9372738e3d\"><i class=\"porto-info-icon porto-icon-check-circle\"><\/i><div class=\"porto-info-list-item-desc\">Assessorament necessari en temes d&#8217;\u00edndole jur\u00eddic amb derivaci\u00f3 a professionals especialitzats en cada cas espec\u00edfic<\/div><\/li><li class=\"porto-info-list-item  wpb_custom_eade0171093a7591372ccf9372738e3d\"><i class=\"porto-info-icon porto-icon-check-circle\"><\/i><div class=\"porto-info-list-item-desc\">Tramitaci\u00f3 d&#8217;her\u00e8ncies<\/div><\/li><\/ul>[\/vc_column][vc_column width=&#8221;1\/2&#8243;][vc_single_image image=&#8221;719&#8243; img_size=&#8221;400&#215;265&#8243; alignment=&#8221;center&#8221; css=&#8221;.vc_custom_1715672467640{margin-top: 20px !important;margin-bottom: 20px !important;}&#8221; label=&#8221;&#8221;][\/vc_column][\/vc_row]<\/p>\n<\/div>","protected":false},"excerpt":{"rendered":"<p>[vc_row content_placement=&#8221;middle&#8221; css_animation=&#8221;left-to-right&#8221; conditional_render=&#8221;%5B%7B%22value_role%22%3A%22administrator%22%7D%5D&#8221; el_id=&#8221;fiscal&#8221; css=&#8221;.vc_custom_1715595281262{padding-top: 40px !important;padding-bottom: 40px !important;}&#8221;][vc_column][vc_custom_heading text=&#8221;Oferim assessorament fiscal integral, Hot Line continua.&#8221; font_container=&#8221;tag:h3|text_align:left&#8221; use_theme_fonts=&#8221;yes&#8221; css=&#8221;&#8221;][\/vc_column][vc_column width=&#8221;1\/3&#8243;][vc_single_image image=&#8221;709&#8243; img_size=&#8221;400&#215;265&#8243; css=&#8221;.vc_custom_1715672496394{margin-top: 20px !important;margin-bottom: 20px !important;}&#8221; label=&#8221;&#8221;][\/vc_column][vc_column width=&#8221;1\/3&#8243;][vc_column_text css=&#8221;&#8221;]Retencions de I.R.P.F.:[\/vc_column_text][\/vc_column][vc_column width=&#8221;1\/3&#8243;][vc_column_text css=&#8221;&#8221;]Liquidacions de I.V.A:[\/vc_column_text][vc_column_text css=&#8221;&#8221;]Altres:[\/vc_column_text][\/vc_column][\/vc_row][vc_row full_width=&#8221;stretch_row&#8221; content_placement=&#8221;middle&#8221; css_animation=&#8221;right-to-left&#8221; conditional_render=&#8221;%5B%7B%22value_role%22%3A%22administrator%22%7D%5D&#8221; el_id=&#8221;contable&#8221; css=&#8221;.vc_custom_1715672420314{padding-top: 40px !important;padding-bottom: 40px !important;}&#8221; el_class=&#8221;mlh_asesoramiento_background&#8221;][vc_column width=&#8221;2\/3&#8243;][vc_column_text css=&#8221;.vc_custom_1715672692584{margin-bottom: 15px !important;}&#8221;]Els nostres serveis [&hellip;]<\/p>\n","protected":false},"author":4,"featured_media":0,"parent":0,"menu_order":0,"comment_status":"closed","ping_status":"closed","template":"","meta":{"_seopress_robots_primary_cat":"","_seopress_titles_title":"","_seopress_titles_desc":"","_seopress_robots_index":"","footnotes":""},"class_list":["post-726","page","type-page","status-publish","hentry"],"_links":{"self":[{"href":"https:\/\/guilloasociados.com\/ca\/wp-json\/wp\/v2\/pages\/726","targetHints":{"allow":["GET"]}}],"collection":[{"href":"https:\/\/guilloasociados.com\/ca\/wp-json\/wp\/v2\/pages"}],"about":[{"href":"https:\/\/guilloasociados.com\/ca\/wp-json\/wp\/v2\/types\/page"}],"author":[{"embeddable":true,"href":"https:\/\/guilloasociados.com\/ca\/wp-json\/wp\/v2\/users\/4"}],"replies":[{"embeddable":true,"href":"https:\/\/guilloasociados.com\/ca\/wp-json\/wp\/v2\/comments?post=726"}],"version-history":[{"count":12,"href":"https:\/\/guilloasociados.com\/ca\/wp-json\/wp\/v2\/pages\/726\/revisions"}],"predecessor-version":[{"id":862,"href":"https:\/\/guilloasociados.com\/ca\/wp-json\/wp\/v2\/pages\/726\/revisions\/862"}],"wp:attachment":[{"href":"https:\/\/guilloasociados.com\/ca\/wp-json\/wp\/v2\/media?parent=726"}],"curies":[{"name":"wp","href":"https:\/\/api.w.org\/{rel}","templated":true}]}}