{"id":626,"date":"2022-05-02T14:23:29","date_gmt":"2022-05-02T13:23:29","guid":{"rendered":"https:\/\/guilloasociados.com\/?page_id=626"},"modified":"2025-05-08T10:48:10","modified_gmt":"2025-05-08T09:48:10","slug":"politica-de-privacitat-i-avis-legal","status":"publish","type":"page","link":"https:\/\/guilloasociados.com\/ca\/politica-de-privacitat-i-avis-legal\/","title":{"rendered":"Pol\u00edtica de Privacitat i Av\u00eds Legal"},"content":{"rendered":"<div class=\"wpb-content-wrapper\"><p>[vc_row][vc_column][vc_empty_space height=&#8221;50px&#8221;][vc_column_text css=&#8221;&#8221; css_params=&#8221;&#8221;]<\/p>\n<h2 style=\"text-align: center;\">I. POL\u00cdTICA DE PRIVACITAT<\/h2>\n<h3>1. INFORMACI\u00d3 PER A L\u2019USUARI<\/h3>\n<h4>Qui \u00e9s el responsable del tractament de les teves dades personals?<\/h4>\n<p><strong>ASESORIA GUILL\u00d3, S.L.<\/strong> \u00e9s el RESPONSABLE del tractament de les dades personals de l\u2019USUARI i l\u2019informa que aquestes dades es tractaran de conformitat amb el que estableix el Reglament (UE) 2016\/679, de 27 d\u2019abril (GDPR), i la Llei Org\u00e0nica 3\/2018, de 5 de desembre (LOPDGDD).<\/p>\n<h4>\u00bfPer a qu\u00e8 tractem les teves dades personals i perqu\u00e8 ho fem?<\/h4>\n<p>Segons el formulari on h\u00e0gim obtingut les vostres dades personals, les tractarem de manera confidencial per assolir les finalitats seg\u00fcents:<\/p>\n<p>En el formulari <strong>Contacte<\/strong><\/p>\n<ul>\n<li>Donar resposta a les consultes o qualsevol tipus de petici\u00f3 que faci l&#8217;usuari a trav\u00e9s de qualsevol de les formes de contacte que es posen a la seva disposici\u00f3 a la p\u00e0gina web del responsable.<br \/>\n(<em>per l&#8217;inter\u00e8s leg\u00edtim de l&#8217;responsable, art. 6.1.f GDPR<\/em>)<\/li>\n<li>Efectuar an\u00e0lisis estad\u00edstiques i estudis de mercat.<br \/>\n(<em>per l&#8217;inter\u00e8s leg\u00edtim de l&#8217;responsable, art. 6.1.f GDPR<\/em>)<\/li>\n<\/ul>\n<h4>Durant quant de temps guardarem les teves dades personals?<\/h4>\n<p>Es conservaran durant no m\u00e9s temps del necessari per mantenir la finalitat del tractament o mentre hi hagi prescripcions legals que en dictaminin la cust\u00f2dia i quan ja no sigui necessari per aquest motiu, se suprimiran amb mesures de seguretat adequades per garantir que les dades siguin anonimitzades o totalment destru\u00efdes.<\/p>\n<h4>A qui facilitem les vostres dades personals?<\/h4>\n<p>No es preveu cap comunicaci\u00f3 de dades personals a tercers excepte si fos necessari per al desenvolupament i execuci\u00f3 de les finalitats del tractament, als nostres prove\u00efdors de serveis relacionats amb comunicacions, amb els quals el RESPONSABLE ha formalitzat els contractes de confidencialitat i d\u2019encarregat de tractament exigits per la normativa vigent de privacitat.<\/p>\n<h4>Quins s\u00f3n teus drets?<\/h4>\n<p>Els drets que t\u00e9 l\u2019USUARI s\u00f3n:<\/p>\n<ul>\n<li>Dret a retirar el consentiment en qualsevol moment.<\/li>\n<li>Dret d\u2019acc\u00e9s, rectificaci\u00f3, portabilitat i supressi\u00f3 de les vostres dades i de limitaci\u00f3 o oposici\u00f3 al seu tractament.<\/li>\n<li>Dret a presentar una reclamaci\u00f3 davant l\u2019autoritat de control (www.aepd.es) si considera que el tractament no s\u2019ajusta a la normativa vigent.<\/li>\n<\/ul>\n<p>Dades de contacte per exercir els seus drets:<br \/>\nASESORIA GUILL\u00d3, S.L.. C\/ PAU CLAR\u00cdS, 177 2\u00ba 1\u00aa, 08037 BARCELONA . E-mail: tula@guilloasociados.com<\/p>\n<h3>2. CAR\u00c0CTER OBLIGATORI O FACULTATIU DE LA INFORMACI\u00d3 FACILITADA PER L\u2019USUARI<\/h3>\n<p>Els USUARIS, per mitj\u00e0 de les caselles corresponents i la introducci\u00f3 de dades en els camps, marcats amb l\u2019asterisc (*) en el formulari de contacte o presentats en formularis de desc\u00e0rrega, accepten expressament i de manera lliure i inequ\u00edvoca, que les seves dades s\u00f3n necess\u00e0ries per atendre la seva petici\u00f3, per part del prestador, i que per tant la inclusi\u00f3 de les dades en els camps restants \u00e9s volunt\u00e0ria.<\/p>\n<p>L\u2019USUARI garanteix que les dades personals facilitades al RESPONSABLE s\u00f3n ver\u00eddiques i es fa responsable de comunicar-ne qualsevol modificaci\u00f3.<\/p>\n<p>El RESPONSABLE informa que totes les dades sol\u00b7licitades a trav\u00e9s del lloc web s\u00f3n obligat\u00f2ries, ja que s\u00f3n necess\u00e0ries per a la prestaci\u00f3 d\u2019un servei \u00f2ptim a l\u2019USUARI. En cas que no es facilitin totes les dades, no es garanteix que la informaci\u00f3 i serveis facilitats s\u2019ajustin completament a les seves\u00a0 necessitats.<\/p>\n<h3>3. MESURES DE SEGURETAT<\/h3>\n<p>Que, de conformitat amb el que estableixen les normatives vigents en protecci\u00f3 de dades personals, el RESPONSABLE est\u00e0 complint amb totes les disposicions de les normatives GDPR i LOPDGDD per al tractament de les dades personals de la seva responsabilitat, i manifestament amb els principis descrits a l\u2019article 5 del GDPR, pels quals es tracten de manera l\u00edcita, lleial i transparent en relaci\u00f3 amb l\u2019interessat i adequades, pertinents i limitades al que \u00e9s necessari en relaci\u00f3 amb les finalitats per a les quals es tracten.<br \/>\nEl RESPONSABLE garanteix que ha implementat pol\u00edtiques t\u00e8cniques i organitzatives apropiades per aplicar les mesures de seguretat que estableixen el GDPR i la LOPDGDD, amb la finalitat de protegir els drets i llibertats dels USUARIS i els ha comunicat la informaci\u00f3 adequada perqu\u00e8 puguin exercir-los.<\/p>\n<p>Per a m\u00e9s informaci\u00f3 sobre les garanties de privacitat, pots adre\u00e7ar-te al RESPONSABLEa trav\u00e9s de ASESORIA GUILL\u00d3, S.L.. C\/ PAU CLAR\u00cdS, 177 2\u00ba 1\u00aa, 08037 BARCELONA . E-mail: tula@guilloasociados.com<\/p>\n<h2 style=\"text-align: center;\">II. LLEI DELS SERVEIS DE LA SOCIETAT DE LA INFORMACI\u00d3 (LSSI)<\/h2>\n<p>ASESORIA GUILL\u00d3, S.L., responsable del lloc web, d\u2019ara endavant el RESPONSABLE, posa a disposici\u00f3 dels usuaris aquest document, amb el qual pret\u00e9n fer complir les obligacions que estableix la Llei 34\/2002, de 11 de juliol, de Serveis de la Societat de la Informaci\u00f3 i de Comer\u00e7 Electr\u00f2nic (LSSICE), BOE N.\u00ba 166, aix\u00ed com informar tots els usuaris del lloc web sobre quines s\u00f3n les condicions d\u2019\u00fas.<br \/>\nQualsevol persona que accedeixi a aquest lloc web assumeix el paper d\u2019usuari i es compromet a l\u2019observan\u00e7a i compliment rigor\u00f3s de les disposicions que s\u2019hi estableixen, aix\u00ed com a qualsevol altra disposici\u00f3 legal s\u2019hi apliqui.<br \/>\nASESORIA GUILL\u00d3, S.L. es reserva el dret de modificar qualsevol tipus d\u2019informaci\u00f3 que pugui apar\u00e8ixer al lloc web, sense l\u2019obligaci\u00f3 de preavisar o assabentar els usuaris d\u2019aquestes obligacions, at\u00e8s que es considera suficient la publicaci\u00f3 al lloc web de ASESORIA GUILL\u00d3, S.L.<\/p>\n<h3>1. DADES IDENTIFICADORES<\/h3>\n<p><strong>Nom del domini:<\/strong> guilloasociados.com<br \/>\n<strong>Nom comercial:<\/strong> ASESORIA GUILL\u00d3, S.L.<br \/>\n<strong>Denominaci\u00f3 social:<\/strong> ASESORIA GUILL\u00d3, S.L.<br \/>\n<strong>NIF:<\/strong> B61489878<br \/>\n<strong>Domicili social:<\/strong> C\/ PAU CLAR\u00cdS, 177 2\u00ba 1\u00aa, 08037 BARCELONA<br \/>\n<strong>Tel\u00e8fon:<\/strong> 933176212<br \/>\n<strong>E-mail:<\/strong> tula@guilloasociados.com<br \/>\n<strong>Registro Mercantil de Barcelona con los siguientes datos:<\/strong> Tomo 31205 Hoja190426 Folio 1.<\/p>\n<h3>2. DRETS DE PROPIETAT INTEL\u00b7LECTUAL I INDUSTRIAL<\/h3>\n<p>El lloc web, incloent a t\u00edtol enunciatiu per\u00f2 no limitatiu la seva programaci\u00f3, edici\u00f3, compilaci\u00f3 i altres elements necessaris per al seu funcionament, els dissenys, logotips, text i\/o gr\u00e0fics, s\u00f3n propietat del RESPONSABLE o, si \u00e9s el cas, disposa de llic\u00e8ncia o autoritzaci\u00f3 expressa per part dels autors. Tots els continguts del lloc web es troben degudament protegits per la normativa de propietat intel\u00b7lectual i industrial, aix\u00ed com inscrits en els registres p\u00fablics corresponents.<br \/>\nIndependentment de la finalitat per a la qual fossin destinats, la reproducci\u00f3 total o parcial, \u00fas, explotaci\u00f3, distribuci\u00f3 i comercialitzaci\u00f3, requereix en tot cas l\u2019autoritzaci\u00f3 escrita pr\u00e8via per part del RESPONSABLE. Qualsevol \u00fas no autoritzat pr\u00e8viament es considera un incompliment greu dels drets de propietat intel\u00b7lectual o industrial de l\u2019autor.<br \/>\nEls dissenys, logotips, text i\/o gr\u00e0fics aliens al RESPONSABLE i que puguin apar\u00e8ixer al lloc web, pertanyen als seus respectius propietaris, els quals s\u00f3n responsables de qualsevol possible controv\u00e8rsia que se\u2019n pugui desprendre. El RESPONSABLE autoritza expressament que tercers puguin redirigir directament als continguts concrets del lloc web, i en tot cas redirigir al lloc web principal de guilloasociados.com.<br \/>\nEl RESPONSABLE reconeix a favor dels seus titulars els corresponents drets de propietat intel\u00b7lectual i industrial, sense implicar el seu sol esment o aparici\u00f3 al lloc web l\u2019exist\u00e8ncia de drets o responsabilitat sobre aquests, ni el suport, patrocini o recomanaci\u00f3 per part del RESPONSABLE.<br \/>\nPer efectuar qualsevol tipus d\u2019observaci\u00f3 pel que fa a possibles incompliments dels drets de propietat intel\u00b7lectual o industrial, aix\u00ed com sobre qualsevol dels continguts del lloc web, podeu fer-ho a trav\u00e9s del correu electr\u00f2nic tula@guilloasociados.com.<\/p>\n<h3>3. EXEMPCI\u00d3 DE RESPONSABILITATS<\/h3>\n<p>El RESPONSABLE s\u2019eximeix de qualsevol tipus de responsabilitat derivada de la informaci\u00f3 publicada al seu lloc web sempre que no tingui coneixement efectiu que aquesta informaci\u00f3 hagi estat manipulada o introdu\u00efda per un tercer ali\u00e8 a la mateixa o, si ho t\u00e9, hagi actuat amb dilig\u00e8ncia per retirar les dades o fer impossible l\u2019acc\u00e9s a elles.<br \/>\n<strong>\u00das de Cookies<\/strong><br \/>\nPot ser que aquest lloc web utilitzi cookies t\u00e8cniques (petits arxius d\u2019informaci\u00f3 que el servidor envia a l\u2019ordinador de qui accedeix a la p\u00e0gina) per dur a terme determinades funcions que es consideren imprescindibles per al correcte funcionament i visualitzaci\u00f3 del web. Les cookies utilitzades tenen, en qualsevol cas, car\u00e0cter temporal, amb l\u2019\u00fanica finalitat de fer que la navegaci\u00f3 sigui m\u00e9s eficient, i desapareixen en finalitzar la sessi\u00f3 de l\u2019usuari. En cap cas, aquestes cookies proporcionen per si mateixes dades de car\u00e0cter personal i no s\u2019utilitzaran per recollir dades d\u2019aquest tipus.<br \/>\nMitjan\u00e7ant l\u2019\u00fas de cookies tamb\u00e9 \u00e9s possible que el servidor on es troba la web reconegui el navegador que utilitza l\u2019usuari, amb la finalitat que la navegaci\u00f3 sigui m\u00e9s senzilla, tot permetent, per exemple, l\u2019acc\u00e9s dels usuaris que s\u2019hagin registrat pr\u00e8viament a les \u00e0rees, serveis, promocions o concursos reservats exclusivament a ells sense haver de registrar-se a cada visita.<\/p>\n<p>Tamb\u00e9 es poden utilitzar per mesurar l\u2019audi\u00e8ncia, par\u00e0metres de tr\u00e0nsit, controlar el progr\u00e9s i el nombre d\u2019entrades, etc. En aquests casos, les cookies s\u00f3n prescindibles t\u00e8cnicament per\u00f2 beneficioses per a l\u2019usuari. Aquest lloc web no instal\u00b7lar\u00e0 cookies prescindibles sense el consentiment previ de l\u2019usuari.<\/p>\n<p>Utilitzem cookies pr\u00f2pies i de tercers per a finalitats anal\u00edtiques i per mostrar-vos publicitat personalitzada segons un perfil elaborat a partir dels vostres h\u00e0bits de navegaci\u00f3 (per exemple, p\u00e0gines visitades). A tots els usuaris que visiten el web se\u2019ls informa de l\u2019\u00fas d\u2019aquestes cookies mitjan\u00e7ant un banner flotant. En cas d\u2019acceptar-ne l\u2019\u00fas, el banner desapareixer\u00e0, encara que en tot moment podran revocar el consentiment i obtenir m\u00e9s informaci\u00f3 tot consultant la nostra Pol\u00edtica de cookies.<br \/>\nL\u2019usuari t\u00e9 la possibilitat de configurar el seu navegador per ser alertat de la recepci\u00f3 de cookies i per impedir-ne la instal\u00b7laci\u00f3 al seu equip. Si us plau, consulteu les instruccions del vostre navegador per ampliar aquesta informaci\u00f3.<br \/>\n<strong>Pol\u00edtica d\u2019enlla\u00e7os<\/strong><br \/>\nDes del lloc web, \u00e9s possible que es redirigeixi a continguts de tercers llocs web. At\u00e8s que el RESPONSABLE no pot controlar sempre els continguts introdu\u00efts per tercers en els seus llocs web respectius, no assumeix cap tipus de responsabilitat respecte d\u2019aquests continguts. En qualsevol cas, retirar\u00e0 immediatament qualsevol contingut que pugui transgredir la legislaci\u00f3 nacional o internacional, la moral o l\u2019ordre p\u00fablic, tot retirant immediatament la redirecci\u00f3 a aquest lloc web i assabentant les autoritats competents del contingut en q\u00fcesti\u00f3.<\/p>\n<p>El RESPONSABLE no es fa responsable de la informaci\u00f3 i continguts emmagatzemats, a t\u00edtol enunciatiu per\u00f2 no limitatiu, a f\u00f2rums, xats, generadors de blogs, comentaris, xarxes socials o qualsevol altre mitj\u00e0 que permeti a tercers publicar continguts de manera independent en la p\u00e0gina web del RESPONSABLE. Aix\u00f2 no obstant, i en compliment del que estableixen als articles 11 i 16 de la LSSICE, es posa a disposici\u00f3 de tots els usuaris, autoritats i forces de seguretat que col\u00b7laboren de manera activa en la retirada o, si escau, bloqueig de tots els continguts que puguin afectar o transgredir la legislaci\u00f3 nacional o internacional, els drets de tercers o la moral i l\u2019ordre p\u00fablic. En cas que l\u2019usuari consideri que el lloc web cont\u00e9 material que pugui ser susceptible d\u2019aquesta classificaci\u00f3, li preguem que ho notifiqui immediatament a l\u2019administrador del lloc web. Aquest lloc web s\u2019ha revisat i provat perqu\u00e8 funcioni correctament. En principi, es pot garantir que funcionar\u00e0 correctament els 365 dies de l\u2019any i les 24 hores al dia. Aix\u00f2 no obstant, el RESPONSABLE no descarta la possibilitat que es produeixin errors de programaci\u00f3, o que hi tinguin lloc causes de for\u00e7a major, cat\u00e0strofes naturals, vagues o circumst\u00e0ncies similars que facin impossible l\u2019acc\u00e9s a la p\u00e0gina web.<br \/>\n<strong>Adreces IP<\/strong><br \/>\nEls servidors del lloc web podran detectar autom\u00e0ticament l\u2019adre\u00e7a IP i el nom del domini utilitzats per l\u2019usuari. Una adre\u00e7a IP \u00e9s un n\u00famero assignat autom\u00e0ticament a un ordinador aix\u00ed que es connecta a Internet. Tota aquesta informaci\u00f3 queda registrada en un fitxer d\u2019activitat del servidor degudament inscrit que permet processar les dades posteriorment per tal d\u2019obtenir mesuratges \u00fanicament estad\u00edstics que permetin con\u00e8ixer el nombre d\u2019impressions de p\u00e0gines, el nombre de visites efectuades als servidors web, l\u2019ordre de visites, el punt d\u2019acc\u00e9s, etc.<\/p>\n<h3>4. LLEI APLICABLE I JURISDICCI\u00d3<\/h3>\n<p>Per a la resoluci\u00f3 de totes les controv\u00e8rsies o q\u00fcestions relacionades amb aquest lloc web o de les activitats que s\u2019hi duen a terme, s\u2019aplicar\u00e0 la legislaci\u00f3 espanyola, a la qual se sotmeten expressament les parts, els quals tindran compet\u00e8ncia suficient per a la resoluci\u00f3 de tots els\u00a0 conflictes derivats o relacionats amb el seu \u00fas els Jutjats i Tribunals del domicili de l\u2019USUARI o el lloc de compliment de l\u2019obligaci\u00f3.[\/vc_column_text][vc_empty_space height=&#8221;50px&#8221;][\/vc_column][\/vc_row]<\/p>\n<\/div>","protected":false},"excerpt":{"rendered":"<p>[vc_row][vc_column][vc_empty_space height=&#8221;50px&#8221;][vc_column_text css=&#8221;&#8221; css_params=&#8221;&#8221;] I. POL\u00cdTICA DE PRIVACITAT 1. INFORMACI\u00d3 PER A L\u2019USUARI Qui \u00e9s el responsable del tractament de les teves dades personals? ASESORIA GUILL\u00d3, S.L. \u00e9s el RESPONSABLE del tractament de les dades personals de l\u2019USUARI i l\u2019informa que aquestes dades es tractaran de conformitat amb el que estableix el Reglament (UE) 2016\/679, [&hellip;]<\/p>\n","protected":false},"author":4,"featured_media":0,"parent":0,"menu_order":0,"comment_status":"closed","ping_status":"closed","template":"","meta":{"_seopress_robots_primary_cat":"","_seopress_titles_title":"","_seopress_titles_desc":"","_seopress_robots_index":"","footnotes":""},"class_list":["post-626","page","type-page","status-publish","hentry"],"_links":{"self":[{"href":"https:\/\/guilloasociados.com\/ca\/wp-json\/wp\/v2\/pages\/626","targetHints":{"allow":["GET"]}}],"collection":[{"href":"https:\/\/guilloasociados.com\/ca\/wp-json\/wp\/v2\/pages"}],"about":[{"href":"https:\/\/guilloasociados.com\/ca\/wp-json\/wp\/v2\/types\/page"}],"author":[{"embeddable":true,"href":"https:\/\/guilloasociados.com\/ca\/wp-json\/wp\/v2\/users\/4"}],"replies":[{"embeddable":true,"href":"https:\/\/guilloasociados.com\/ca\/wp-json\/wp\/v2\/comments?post=626"}],"version-history":[{"count":3,"href":"https:\/\/guilloasociados.com\/ca\/wp-json\/wp\/v2\/pages\/626\/revisions"}],"predecessor-version":[{"id":922,"href":"https:\/\/guilloasociados.com\/ca\/wp-json\/wp\/v2\/pages\/626\/revisions\/922"}],"wp:attachment":[{"href":"https:\/\/guilloasociados.com\/ca\/wp-json\/wp\/v2\/media?parent=626"}],"curies":[{"name":"wp","href":"https:\/\/api.w.org\/{rel}","templated":true}]}}