{"id":598,"date":"2024-04-09T12:40:11","date_gmt":"2024-04-09T11:40:11","guid":{"rendered":"https:\/\/guilloasociados.com\/noticies\/"},"modified":"2024-04-18T08:42:06","modified_gmt":"2024-04-18T07:42:06","slug":"noticies","status":"publish","type":"page","link":"https:\/\/guilloasociados.com\/ca\/noticies\/","title":{"rendered":"Not\u00edcies"},"content":{"rendered":"<div class=\"wpb-content-wrapper\"><p>[vc_row full_width=&#8221;stretch_row&#8221; content_placement=&#8221;middle&#8221; conditional_render=&#8221;%5B%7B%22value_role%22%3A%22administrator%22%7D%5D&#8221;][vc_column][vc_raw_js]JTNDc2NyaXB0JTIwc3JjJTNEJTIyaHR0cHMlM0ElMkYlMkZyZXBvc2l0b3J5LmNsaWVudGxpbmsuZXMlMkZhc3NldHMlMkZqcyUyRnNjcmlwdF9pZnJhbWUuanMlMjIlM0UlM0MlMkZzY3JpcHQlM0U=[\/vc_raw_js][vc_raw_html css=&#8221;.vc_custom_1713426118637{padding-top: 50px !important;padding-bottom: 50px !important;}&#8221;]JTNDaWZyYW1lJTIwd2lkdGglM0QlMjIxMDAlMjUlMjIlMjBoZWlnaHQlM0QlMjIxMDAlMjUlMjIlMjBmcmFtZWJvcmRlciUzRCUyMjAlMjIlMjBpZCUzRCUyMmJjd19pZnJhbWUlMjIlMjBzY3JvbGwtdG9wJTNEJTIyeWVzJTIyJTIwc3JjJTNEJTIyaHR0cHMlM0ElMkYlMkZndWlsbG9hc29jaWFkb3MuY2xpZW50bGluay5lcyUyMiUyMGluc3RhbmNlJTNEJTIyZXMlMjIlMjBsYW5nJTNEJTIyY2ElMjIlMjBzdHlsZSUzRCUyMm1pbi1oZWlnaHQlM0ElMjAxMjAwcHglMjIlM0UlMEElMEElM0MlMkZpZnJhbWUlM0U=[\/vc_raw_html][\/vc_column][\/vc_row]<\/p>\n<\/div>","protected":false},"excerpt":{"rendered":"<p>[vc_row full_width=&#8221;stretch_row&#8221; content_placement=&#8221;middle&#8221; conditional_render=&#8221;%5B%7B%22value_role%22%3A%22administrator%22%7D%5D&#8221;][vc_column][vc_raw_js]JTNDc2NyaXB0JTIwc3JjJTNEJTIyaHR0cHMlM0ElMkYlMkZyZXBvc2l0b3J5LmNsaWVudGxpbmsuZXMlMkZhc3NldHMlMkZqcyUyRnNjcmlwdF9pZnJhbWUuanMlMjIlM0UlM0MlMkZzY3JpcHQlM0U=[\/vc_raw_js][vc_raw_html css=&#8221;.vc_custom_1713426118637{padding-top: 50px !important;padding-bottom: 50px !important;}&#8221;]JTNDaWZyYW1lJTIwd2lkdGglM0QlMjIxMDAlMjUlMjIlMjBoZWlnaHQlM0QlMjIxMDAlMjUlMjIlMjBmcmFtZWJvcmRlciUzRCUyMjAlMjIlMjBpZCUzRCUyMmJjd19pZnJhbWUlMjIlMjBzY3JvbGwtdG9wJTNEJTIyeWVzJTIyJTIwc3JjJTNEJTIyaHR0cHMlM0ElMkYlMkZndWlsbG9hc29jaWFkb3MuY2xpZW50bGluay5lcyUyMiUyMGluc3RhbmNlJTNEJTIyZXMlMjIlMjBsYW5nJTNEJTIyY2ElMjIlMjBzdHlsZSUzRCUyMm1pbi1oZWlnaHQlM0ElMjAxMjAwcHglMjIlM0UlMEElMEElM0MlMkZpZnJhbWUlM0U=[\/vc_raw_html][\/vc_column][\/vc_row]<\/p>\n","protected":false},"author":1,"featured_media":0,"parent":0,"menu_order":0,"comment_status":"closed","ping_status":"closed","template":"","meta":{"_seopress_robots_primary_cat":"","_seopress_titles_title":"","_seopress_titles_desc":"Estigues al dia amb les \u00faltimes not\u00edcies en mat\u00e8ria fiscal, laboral i comptable.\nTroba solucions pr\u00e0ctiques als teus problemes legals i financers.\nConsulta els nostres articles escrits per experts del sector.\nSubscriu-te al nostre butllet\u00ed informatiu per no perdre't res.","_seopress_robots_index":"","footnotes":""},"class_list":["post-598","page","type-page","status-publish","hentry"],"_links":{"self":[{"href":"https:\/\/guilloasociados.com\/ca\/wp-json\/wp\/v2\/pages\/598","targetHints":{"allow":["GET"]}}],"collection":[{"href":"https:\/\/guilloasociados.com\/ca\/wp-json\/wp\/v2\/pages"}],"about":[{"href":"https:\/\/guilloasociados.com\/ca\/wp-json\/wp\/v2\/types\/page"}],"author":[{"embeddable":true,"href":"https:\/\/guilloasociados.com\/ca\/wp-json\/wp\/v2\/users\/1"}],"replies":[{"embeddable":true,"href":"https:\/\/guilloasociados.com\/ca\/wp-json\/wp\/v2\/comments?post=598"}],"version-history":[{"count":2,"href":"https:\/\/guilloasociados.com\/ca\/wp-json\/wp\/v2\/pages\/598\/revisions"}],"predecessor-version":[{"id":654,"href":"https:\/\/guilloasociados.com\/ca\/wp-json\/wp\/v2\/pages\/598\/revisions\/654"}],"wp:attachment":[{"href":"https:\/\/guilloasociados.com\/ca\/wp-json\/wp\/v2\/media?parent=598"}],"curies":[{"name":"wp","href":"https:\/\/api.w.org\/{rel}","templated":true}]}}