{"id":589,"date":"2024-04-08T08:36:13","date_gmt":"2024-04-08T07:36:13","guid":{"rendered":"https:\/\/guilloasociados.com\/area-mediambiental\/"},"modified":"2024-04-17T11:45:13","modified_gmt":"2024-04-17T10:45:13","slug":"area-mediambiental","status":"publish","type":"page","link":"https:\/\/guilloasociados.com\/ca\/area-mediambiental\/","title":{"rendered":"\u00c0rea Mediambiental"},"content":{"rendered":"<div class=\"wpb-content-wrapper\"><p>[vc_section full_width=&#8221;stretch_row&#8221; css=&#8221;.vc_custom_1712563621679{padding-top: 90px !important;padding-bottom: 50px !important;}&#8221; conditional_render=&#8221;%5B%7B%22value_role%22%3A%22administrator%22%7D%5D&#8221; el_id=&#8221;consultoria-ambiental&#8221;][vc_row content_placement=&#8221;bottom&#8221; conditional_render=&#8221;%5B%7B%22value_role%22%3A%22administrator%22%7D%5D&#8221;][vc_column width=&#8221;1\/2&#8243;][vc_custom_heading text=&#8221;EXPERTS&#8221; font_container=&#8221;tag:h2|font_size:7rem|text_align:left|color:%23d7dbee|line_height:40px&#8221; use_theme_fonts=&#8221;yes&#8221; font_weight=&#8221;800&#8243; letter_spacing=&#8221;8px&#8221; floating_start_pos=&#8221;top&#8221; floating_speed=&#8221;10.0&#8243; floating_horizontal=&#8221;yes&#8221; el_class=&#8221;background-text-2 custom-stroke-text-effect-1 opacity-1&#8243; css=&#8221;.vc_custom_1712562093631{margin-top: -20px !important;margin-bottom: 0px !important;}&#8221;]<div class=\"porto-u-heading  wpb_custom_7d66019e0e2eac0ce2cd8c42c41de93a porto-u-ad87e2eaf3f9c495180fe0156ddf3eb0 \"><div class=\"porto-u-main-heading\"><h2   style=\"color:#001250;margin-bottom: 20px;\">---- CONSULTORIA AMBIENTAL<\/h2><\/div><div class=\"porto-u-sub-heading\" style=\"margin-bottom:30px;\">Consultoria, auditoria i <b>suport outsourcing en equips <\/b><\/div><style>.porto-u-ad87e2eaf3f9c495180fe0156ddf3eb0.porto-u-heading{text-align:left}<\/style><\/div>[vc_custom_heading text=&#8221;Implantaci\u00f3 i manteniment de sistemes de gesti\u00f3 ambiental (ISO14001) i sistemes de gesti\u00f3 de lenergia (ISO 50001) integrats.&#8221; font_container=&#8221;tag:p|text_align:left&#8221; use_theme_fonts=&#8221;yes&#8221; css=&#8221;.vc_custom_1712564829989{margin-bottom: 30px !important;}&#8221;]<style>.porto-info-list02e221a540e2aab6daf9eda980ebb972 i { color: #001250;font-size: 16px; }<\/style><ul class=\"porto-info-list  porto-info-list02e221a540e2aab6daf9eda980ebb972 wpb_custom_f0418e4c327fed76c7341ba9e2b10f13\"><li class=\"porto-info-list-item  wpb_custom_eade0171093a7591372ccf9372738e3d\"><i class=\"porto-info-icon porto-icon-right-open-big\"><\/i><div class=\"porto-info-list-item-desc\"><strong>Ind\u00fastries:<\/strong>Departament HSE, QMA.<\/div><\/li><li class=\"porto-info-list-item  wpb_custom_eade0171093a7591372ccf9372738e3d\"><i class=\"porto-info-icon porto-icon-right-open-big\"><\/i><div class=\"porto-info-list-item-desc\"><strong>Ajuntaments:<\/strong> T\u00e8cnic medi ambient municipal (\u00c0rea Medi Ambient, Acci\u00f3 Clim\u00e0tica\u2026)<\/div><\/li><li class=\"porto-info-list-item  wpb_custom_eade0171093a7591372ccf9372738e3d\"><i class=\"porto-info-icon porto-icon-right-open-big\"><\/i><div class=\"porto-info-list-item-desc\"><strong>Centres comercials:<\/strong> \u00c0rea gesti\u00f3 ambiental i sostenibilitat.<\/div><\/li><li class=\"porto-info-list-item  wpb_custom_eade0171093a7591372ccf9372738e3d\"><i class=\"porto-info-icon porto-icon-right-open-big\"><\/i><div class=\"porto-info-list-item-desc\"><strong>Empreses de serveis:<\/strong> \u00c0rees gesti\u00f3 ambiental i sostenibilitat.<\/div><\/li><\/ul>[\/vc_column][vc_column width=&#8221;1\/2&#8243;][vc_row_inner content_placement=&#8221;middle&#8221; css=&#8221;.vc_custom_1712583200736{margin-bottom: 30px !important;}&#8221; el_class=&#8221;mlh_img_medioambiente&#8221;][vc_column_inner el_class=&#8221;mlh_imgambient&#8221; width=&#8221;1\/2&#8243;][vc_single_image image=&#8221;499&#8243; img_size=&#8221;full&#8221; el_class=&#8221;mlh_iso&#8221;][\/vc_column_inner][vc_column_inner el_class=&#8221;mlh_iso&#8221; width=&#8221;1\/4&#8243;][vc_single_image image=&#8221;349&#8243; img_size=&#8221;full&#8221; alignment=&#8221;center&#8221; label=&#8221;&#8221;][\/vc_column_inner][vc_column_inner el_class=&#8221;mlh_iso&#8221; width=&#8221;1\/4&#8243;][vc_single_image image=&#8221;348&#8243; img_size=&#8221;full&#8221; alignment=&#8221;center&#8221; label=&#8221;&#8221;][\/vc_column_inner][\/vc_row_inner][vc_custom_heading text=&#8221;Oferim una \u00e0mplia gamma de serveis per ajudar empreses i institucions a millorar-ne la sostenibilitat i reduir-ne l&apos;impacte ambiental. Entre aquests serveis hi ha:&#8221; font_container=&#8221;tag:p|text_align:left&#8221; use_theme_fonts=&#8221;yes&#8221; css=&#8221;.vc_custom_1712564880439{margin-bottom: 30px !important;}&#8221;]<style>.porto-info-list02e221a540e2aab6daf9eda980ebb972 i { color: #001250;font-size: 16px; }<\/style><ul class=\"porto-info-list  porto-info-list02e221a540e2aab6daf9eda980ebb972 wpb_custom_f0418e4c327fed76c7341ba9e2b10f13\"><li class=\"porto-info-list-item  wpb_custom_eade0171093a7591372ccf9372738e3d\"><i class=\"porto-info-icon porto-icon-right-open-big\"><\/i><div class=\"porto-info-list-item-desc\"><strong>Estudis sostenibilitat:<\/strong> petjada de carboni, petjada h\u00eddrica, cicle de vida.<\/div><\/li><li class=\"porto-info-list-item  wpb_custom_eade0171093a7591372ccf9372738e3d\"><i class=\"porto-info-icon porto-icon-right-open-big\"><\/i><div class=\"porto-info-list-item-desc\">Optimitzaci\u00f3 gesti\u00f3 de residus interna i externa.<\/div><\/li><li class=\"porto-info-list-item  wpb_custom_eade0171093a7591372ccf9372738e3d\"><i class=\"porto-info-icon porto-icon-right-open-big\"><\/i><div class=\"porto-info-list-item-desc\">Consultoria a Models de recollida selectiva municipal.<\/div><\/li><li class=\"porto-info-list-item  wpb_custom_eade0171093a7591372ccf9372738e3d\"><i class=\"porto-info-icon porto-icon-right-open-big\"><\/i><div class=\"porto-info-list-item-desc\">Estudis d\u00b4emissions sonores.<\/div><\/li><li class=\"porto-info-list-item  wpb_custom_eade0171093a7591372ccf9372738e3d\"><i class=\"porto-info-icon porto-icon-right-open-big\"><\/i><div class=\"porto-info-list-item-desc\"><strong>Assessorament subministradores m\u00e9s de 20.000 m3\/any d&#8217;aigua de consum hum\u00e0 de fonts pr\u00f2pies: <\/strong>PAG\/Registres de manteniment i seguiment de la qualitat de l&#8217;aigua subministrada.<\/div><\/li><\/ul>[\/vc_column][\/vc_row][\/vc_section][vc_section full_width=&#8221;stretch_row&#8221; css=&#8221;.vc_custom_1712563077841{padding-top: 50px !important;padding-bottom: 50px !important;}&#8221; conditional_render=&#8221;%5B%7B%22value_role%22%3A%22administrator%22%7D%5D&#8221; el_id=&#8221;gestoria-ambiental&#8221;][vc_row content_placement=&#8221;middle&#8221; conditional_render=&#8221;%5B%7B%22value_role%22%3A%22administrator%22%7D%5D&#8221;][vc_column width=&#8221;2\/3&#8243;][vc_custom_heading text=&#8221;GUILL\u00d3&#8221; font_container=&#8221;tag:h2|font_size:7rem|text_align:left|color:%23d7dbee|line_height:100px&#8221; use_theme_fonts=&#8221;yes&#8221; font_weight=&#8221;800&#8243; letter_spacing=&#8221;8px&#8221; floating_start_pos=&#8221;top&#8221; floating_speed=&#8221;10.0&#8243; floating_horizontal=&#8221;yes&#8221; el_class=&#8221;background-text-2 custom-stroke-text-effect-1 opacity-1&#8243; css=&#8221;.vc_custom_1712566108194{margin-top: -50px !important;margin-bottom: 0px !important;}&#8221;]<div class=\"porto-u-heading  wpb_custom_7d66019e0e2eac0ce2cd8c42c41de93a porto-u-ad87e2eaf3f9c495180fe0156ddf3eb0 \"><div class=\"porto-u-main-heading\"><h2   style=\"color:#001250;margin-bottom: 20px;\">---- GESTORIA AMBIENTAL----<\/h2><\/div><div class=\"porto-u-sub-heading\" style=\"margin-bottom:30px;\"><b>Tr\u00e0mits Administraci\u00f3<\/b> Ambiental<\/div><style>.porto-u-ad87e2eaf3f9c495180fe0156ddf3eb0.porto-u-heading{text-align:left}<\/style><\/div><style>.porto-info-list02e221a540e2aab6daf9eda980ebb972 i { color: #001250;font-size: 16px; }<\/style><ul class=\"porto-info-list  porto-info-list02e221a540e2aab6daf9eda980ebb972 wpb_custom_f0418e4c327fed76c7341ba9e2b10f13\"><li class=\"porto-info-list-item  wpb_custom_eade0171093a7591372ccf9372738e3d\"><i class=\"porto-info-icon porto-icon-right-open-big\"><\/i><div class=\"porto-info-list-item-desc\"><strong>Autoritzaci\u00f3\/llic\u00e8ncia:<\/strong> mem\u00f2ria justificaci\u00f3 modificaci\u00f3 substancial\/no substancial Llei 20\/2009.<\/div><\/li><li class=\"porto-info-list-item  wpb_custom_eade0171093a7591372ccf9372738e3d\"><i class=\"porto-info-icon porto-icon-right-open-big\"><\/i><div class=\"porto-info-list-item-desc\">Gesti\u00f3 documental i tr\u00e0mits de subministradores d\u201faigua de consum hum\u00e0 de fonts pr\u00f2pies.<\/div><\/li><li class=\"porto-info-list-item  wpb_custom_eade0171093a7591372ccf9372738e3d\"><i class=\"porto-info-icon porto-icon-right-open-big\"><\/i><div class=\"porto-info-list-item-desc\">Sol\u00b7licitud de concessi\u00f3 aigua fonts pr\u00f2pies (legalitzaci\u00f3 pous i mines)<\/div><\/li><li class=\"porto-info-list-item  wpb_custom_eade0171093a7591372ccf9372738e3d\"><i class=\"porto-info-icon porto-icon-right-open-big\"><\/i><div class=\"porto-info-list-item-desc\">Declaraci\u00f3 residus (DARI)<\/div><\/li><li class=\"porto-info-list-item  wpb_custom_eade0171093a7591372ccf9372738e3d\"><i class=\"porto-info-icon porto-icon-right-open-big\"><\/i><div class=\"porto-info-list-item-desc\">Responsabilitat ampliada del Productor de Producte i Declaraci\u00f3 d&#8217;envasos (DAE)<\/div><\/li><li class=\"porto-info-list-item  wpb_custom_eade0171093a7591372ccf9372738e3d\"><i class=\"porto-info-icon porto-icon-right-open-big\"><\/i><div class=\"porto-info-list-item-desc\">Estudi i pla de minimitzaci\u00f3 residus especials (EMRE)<\/div><\/li><li class=\"porto-info-list-item  wpb_custom_eade0171093a7591372ccf9372738e3d\"><i class=\"porto-info-icon porto-icon-right-open-big\"><\/i><div class=\"porto-info-list-item-desc\"><strong>Seguiment del sistema documental (SDR):<\/strong> documentaci\u00f3 control residus i Registre de residus.<\/div><\/li><li class=\"porto-info-list-item  wpb_custom_eade0171093a7591372ccf9372738e3d\"><i class=\"porto-info-icon porto-icon-right-open-big\"><\/i><div class=\"porto-info-list-item-desc\">Informes preliminars s\u00f2l (IPS) i informes de situaci\u00f3 (IS)<\/div><\/li><li class=\"porto-info-list-item  wpb_custom_eade0171093a7591372ccf9372738e3d\"><i class=\"porto-info-icon porto-icon-right-open-big\"><\/i><div class=\"porto-info-list-item-desc\">Perm\u00eds d&#8217;abocament<\/div><\/li><li class=\"porto-info-list-item  wpb_custom_eade0171093a7591372ccf9372738e3d\"><i class=\"porto-info-icon porto-icon-right-open-big\"><\/i><div class=\"porto-info-list-item-desc\">Resposta notificacions, expedients sancionadors\u2026<\/div><\/li><li class=\"porto-info-list-item  wpb_custom_eade0171093a7591372ccf9372738e3d\"><i class=\"porto-info-icon porto-icon-right-open-big\"><\/i><div class=\"porto-info-list-item-desc\"><strong>Subvencions:<\/strong> Elaboraci\u00f3 de documentaci\u00f3 t\u00e8cnica per a sol\u00b7licitud de subvencions ambientals i tramitaci\u00f3.<\/div><\/li><\/ul>[\/vc_column][vc_column width=&#8221;1\/3&#8243;][vc_single_image image=&#8221;514&#8243; img_size=&#8221;full&#8221; alignment=&#8221;right&#8221; label=&#8221;&#8221; el_class=&#8221;mlh_wimg&#8221;][\/vc_column][\/vc_row][\/vc_section][vc_section full_width=&#8221;stretch_row&#8221; css=&#8221;.vc_custom_1712568530173{padding-top: 50px !important;padding-bottom: 15px !important;background-color: #f1f1f1 !important;}&#8221; conditional_render=&#8221;%5B%7B%22value_role%22%3A%22administrator%22%7D%5D&#8221;][vc_row full_width=&#8221;stretch_row&#8221; conditional_render=&#8221;%5B%7B%22value_role%22%3A%22administrator%22%7D%5D&#8221;][vc_column]<div class=\"porto-u-heading  wpb_custom_7d66019e0e2eac0ce2cd8c42c41de93a porto-u-55ca8359258f9a412be7e73af65d2aac \"><div class=\"porto-u-main-heading\"><h2   style=\"color:#001250;margin-bottom: 20px;\">---- SECTOR AMBIENTAL ----<\/h2><\/div><div class=\"porto-u-sub-heading\" style=\"margin-bottom:30px;\"><strong>Serveis<\/strong> que oferim<\/div><style>.porto-u-55ca8359258f9a412be7e73af65d2aac.porto-u-heading{text-align:center}<\/style><\/div>[vc_custom_heading text=&#8221;Som una empresa comprometida amb la <b>protecci\u00f3 del medi ambient i el desenvolupament sostenible. <\/b><br \/>\nComptem amb un equip de professionals altament qualificats i amb \u00e0mplia experi\u00e8ncia al sector ambiental.&#8221; font_container=&#8221;tag:p|text_align:center&#8221; use_theme_fonts=&#8221;yes&#8221;][vc_custom_heading text=&#8221;Estem especialitzats en diversos sectors com la <b>ind\u00fastria, l&apos;energia, la construcci\u00f3 i el turisme entre d&apos;altres. <\/b>&#8221; font_container=&#8221;tag:p|text_align:center&#8221; use_theme_fonts=&#8221;yes&#8221; css=&#8221;.vc_custom_1712568626650{margin-bottom: 30px !important;}&#8221;][\/vc_column][\/vc_row][\/vc_section][vc_section full_width=&#8221;stretch_row&#8221; top_divider_type=&#8221;triangle&#8221; top_divider_flip=&#8221;true&#8221; css=&#8221;.vc_custom_1712568520834{padding-top: 130px !important;padding-bottom: 50px !important;}&#8221; conditional_render=&#8221;%5B%7B%22value_role%22%3A%22administrator%22%7D%5D&#8221; top_divider_color=&#8221;#f1f1f1&#8243; top_divider_height=&#8221;55&#8243;][vc_row][vc_column width=&#8221;1\/2&#8243;]<div class=\"porto-sicon-box  vc_custom_1712573378090 mlh_isobox  wpb_custom_472a5caf3e510adba3faedc2caab5f38 style_1 top-icon\"><div class=\"porto-sicon-header\" style=\"margin-bottom:0px;\"><h3 class=\"porto-sicon-title\" style=\"\">Petjada de carboni<\/h3><p style=\"color:#ffffff;\">ISO 14064 organitzaci\u00f3 - ISO 14067 producte<\/p><\/div> <!-- header --><\/div><!-- porto-sicon-box -->[vc_custom_heading text=&#8221;Estudis t\u00e8cnics empremta carboni:&#8221; font_container=&#8221;tag:h4|text_align:left&#8221; use_theme_fonts=&#8221;yes&#8221; css=&#8221;.vc_custom_1712575056504{margin-bottom: 20px !important;}&#8221;]<style>.porto-info-list02e221a540e2aab6daf9eda980ebb972 i { color: #001250;font-size: 16px; }<\/style><ul class=\"porto-info-list mb-5 porto-info-list02e221a540e2aab6daf9eda980ebb972 wpb_custom_f0418e4c327fed76c7341ba9e2b10f13\"><li class=\"porto-info-list-item  wpb_custom_eade0171093a7591372ccf9372738e3d\"><i class=\"porto-info-icon porto-icon-right-open-big\"><\/i><div class=\"porto-info-list-item-desc\"><strong>ISO 14064 Organitzaci\u00f3:<\/strong> Quantificaci\u00f3 i informe de les emissions i remocions de gasos amb efecte d&#8217;hivernacle en organitzacions.<\/div><\/li><li class=\"porto-info-list-item  wpb_custom_eade0171093a7591372ccf9372738e3d\"><i class=\"porto-info-icon porto-icon-right-open-big\"><\/i><div class=\"porto-info-list-item-desc\"><strong>ISO 14067 Producte:<\/strong> Quantificaci\u00f3 de la petjada de carboni per a productes.<\/div><\/li><li class=\"porto-info-list-item  wpb_custom_eade0171093a7591372ccf9372738e3d\"><i class=\"porto-info-icon porto-icon-right-open-big\"><\/i><div class=\"porto-info-list-item-desc\"><strong>Segell MITECO:<\/strong> Elaboraci\u00f3 de la documentaci\u00f3 i tramitaci\u00f3 SEGELL MITECO; c\u00e0lcul\/redueix\/compens.<\/div><\/li><\/ul>[\/vc_column][vc_column width=&#8221;1\/2&#8243;]<div class=\"porto-sicon-box  vc_custom_1712573393554 mlh_isobox  wpb_custom_472a5caf3e510adba3faedc2caab5f38 style_1 top-icon\"><div class=\"porto-sicon-header\" style=\"margin-bottom:0px;\"><h3 class=\"porto-sicon-title\" style=\"\">Petjada h\u00eddrica<\/h3><p style=\"color:#ffffff;\">ISO 14046<\/p><\/div> <!-- header --><\/div><!-- porto-sicon-box -->[vc_custom_heading text=&#8221;Estudis t\u00e8cnics Petjada h\u00eddrica:&#8221; font_container=&#8221;tag:h4|text_align:left&#8221; use_theme_fonts=&#8221;yes&#8221; css=&#8221;.vc_custom_1712575071039{margin-bottom: 20px !important;}&#8221;]<style>.porto-info-list02e221a540e2aab6daf9eda980ebb972 i { color: #001250;font-size: 16px; }<\/style><ul class=\"porto-info-list mb-5 porto-info-list02e221a540e2aab6daf9eda980ebb972 wpb_custom_f0418e4c327fed76c7341ba9e2b10f13\"><li class=\"porto-info-list-item  wpb_custom_eade0171093a7591372ccf9372738e3d\"><i class=\"porto-info-icon porto-icon-right-open-big\"><\/i><div class=\"porto-info-list-item-desc\"><strong>ISO 14046 Petjada d&#8217;aigua:<\/strong> Avaluaci\u00f3 de la petjada d&#8217;aigua de productes, processos i organitzacions basada en l&#8217;an\u00e0lisi de cicle de vida segons ISO14044.<\/div><\/li><li class=\"porto-info-list-item  wpb_custom_eade0171093a7591372ccf9372738e3d\"><i class=\"porto-info-icon porto-icon-right-open-big\"><\/i><div class=\"porto-info-list-item-desc\">An\u00e0lisi de l&#8217;inventari de la petjada d&#8217;aigua.<\/div><\/li><li class=\"porto-info-list-item  wpb_custom_eade0171093a7591372ccf9372738e3d\"><i class=\"porto-info-icon porto-icon-right-open-big\"><\/i><div class=\"porto-info-list-item-desc\">Avaluaci\u00f3 de limpacte de la petjada d&#8217;aigua.<\/div><\/li><li class=\"porto-info-list-item  wpb_custom_eade0171093a7591372ccf9372738e3d\"><i class=\"porto-info-icon porto-icon-right-open-big\"><\/i><div class=\"porto-info-list-item-desc\">Interpretaci\u00f3 dels resultats.<\/div><\/li><\/ul>[\/vc_column][vc_column width=&#8221;1\/2&#8243;]<div class=\"porto-sicon-box  vc_custom_1712573385179 mlh_isobox  wpb_custom_472a5caf3e510adba3faedc2caab5f38 style_1 top-icon\"><div class=\"porto-sicon-header\" style=\"margin-bottom:0px;\"><h3 class=\"porto-sicon-title\" style=\"\">Cicle de vida<\/h3><p style=\"color:#ffffff;\">ISO 14044<\/p><\/div> <!-- header --><\/div><!-- porto-sicon-box -->[vc_custom_heading text=&#8221;Estudis t\u00e8cnics Cicle de vida:&#8221; font_container=&#8221;tag:h4|text_align:left&#8221; use_theme_fonts=&#8221;yes&#8221; css=&#8221;.vc_custom_1712575063432{margin-bottom: 20px !important;}&#8221;]<style>.porto-info-list02e221a540e2aab6daf9eda980ebb972 i { color: #001250;font-size: 16px; }<\/style><ul class=\"porto-info-list mb-5 porto-info-list02e221a540e2aab6daf9eda980ebb972 wpb_custom_f0418e4c327fed76c7341ba9e2b10f13\"><li class=\"porto-info-list-item  wpb_custom_eade0171093a7591372ccf9372738e3d\"><i class=\"porto-info-icon porto-icon-right-open-big\"><\/i><div class=\"porto-info-list-item-desc\"><strong>ISO 14044 Cicle de vida:<\/strong> An\u00e0lisi de l\u00b4inventari del cicle de vida.<\/div><\/li><li class=\"porto-info-list-item  wpb_custom_eade0171093a7591372ccf9372738e3d\"><i class=\"porto-info-icon porto-icon-right-open-big\"><\/i><div class=\"porto-info-list-item-desc\">Avaluaci\u00f3 de limpacte del cicle de vida.<\/div><\/li><li class=\"porto-info-list-item  wpb_custom_eade0171093a7591372ccf9372738e3d\"><i class=\"porto-info-icon porto-icon-right-open-big\"><\/i><div class=\"porto-info-list-item-desc\">Interpretaci\u00f3 del cicle de vida.<\/div><\/li><li class=\"porto-info-list-item  wpb_custom_eade0171093a7591372ccf9372738e3d\"><i class=\"porto-info-icon porto-icon-right-open-big\"><\/i><div class=\"porto-info-list-item-desc\">Informe i revisi\u00f3 cr\u00edtica de lan\u00e0lisi del cicle de vida.<\/div><\/li><\/ul>[\/vc_column][vc_column width=&#8221;1\/2&#8243;]<div class=\"porto-sicon-box  vc_custom_1712573401188 mlh_isobox  wpb_custom_472a5caf3e510adba3faedc2caab5f38 style_1 top-icon\"><div class=\"porto-sicon-header\" style=\"margin-bottom:0px;\"><h3 class=\"porto-sicon-title\" style=\"\">Sistemes Gesti\u00f3<\/h3><p style=\"color:#ffffff;\">ISO 14001\/EMAS ambiental - ISO 50001 energia<\/p><\/div> <!-- header --><\/div><!-- porto-sicon-box -->[vc_custom_heading text=&#8221;Implantaci\u00f3 i seguiment de sistemes de gesti\u00f3:&#8221; font_container=&#8221;tag:h4|text_align:left&#8221; use_theme_fonts=&#8221;yes&#8221; css=&#8221;.vc_custom_1712575078130{margin-bottom: 20px !important;}&#8221;]<style>.porto-info-list02e221a540e2aab6daf9eda980ebb972 i { color: #001250;font-size: 16px; }<\/style><ul class=\"porto-info-list mb-5 porto-info-list02e221a540e2aab6daf9eda980ebb972 wpb_custom_f0418e4c327fed76c7341ba9e2b10f13\"><li class=\"porto-info-list-item  wpb_custom_eade0171093a7591372ccf9372738e3d\"><i class=\"porto-info-icon porto-icon-right-open-big\"><\/i><div class=\"porto-info-list-item-desc\">Sistema de gesti\u00f3 ambiental (ISO 14001\/EMAS)<\/div><\/li><li class=\"porto-info-list-item  wpb_custom_eade0171093a7591372ccf9372738e3d\"><i class=\"porto-info-icon porto-icon-right-open-big\"><\/i><div class=\"porto-info-list-item-desc\">Sistemes de gesti\u00f3 de l&#8217;energia (ISO 50001)<\/div><\/li><li class=\"porto-info-list-item  wpb_custom_eade0171093a7591372ccf9372738e3d\"><i class=\"porto-info-icon porto-icon-right-open-big\"><\/i><div class=\"porto-info-list-item-desc\">Auditories internes de sistemes de gesti\u00f3 ambiental, d&#8217;energia i de Qualitat.<\/div><\/li><li class=\"porto-info-list-item  wpb_custom_eade0171093a7591372ccf9372738e3d\"><i class=\"porto-info-icon porto-icon-right-open-big\"><\/i><div class=\"porto-info-list-item-desc\"><strong>Formaci\u00f3 in company:<\/strong> Impartici\u00f3 i\/o elaboraci\u00f3 de contingut formatiu (presentacions) per a impartici\u00f3 en empresa.<\/div><\/li><\/ul>[\/vc_column][\/vc_row][\/vc_section]<\/p>\n<\/div>","protected":false},"excerpt":{"rendered":"<p>[vc_section full_width=&#8221;stretch_row&#8221; css=&#8221;.vc_custom_1712563621679{padding-top: 90px !important;padding-bottom: 50px !important;}&#8221; conditional_render=&#8221;%5B%7B%22value_role%22%3A%22administrator%22%7D%5D&#8221; el_id=&#8221;consultoria-ambiental&#8221;][vc_row content_placement=&#8221;bottom&#8221; conditional_render=&#8221;%5B%7B%22value_role%22%3A%22administrator%22%7D%5D&#8221;][vc_column width=&#8221;1\/2&#8243;][vc_custom_heading text=&#8221;EXPERTS&#8221; font_container=&#8221;tag:h2|font_size:7rem|text_align:left|color:%23d7dbee|line_height:40px&#8221; use_theme_fonts=&#8221;yes&#8221; font_weight=&#8221;800&#8243; letter_spacing=&#8221;8px&#8221; floating_start_pos=&#8221;top&#8221; floating_speed=&#8221;10.0&#8243; floating_horizontal=&#8221;yes&#8221; el_class=&#8221;background-text-2 custom-stroke-text-effect-1 opacity-1&#8243; css=&#8221;.vc_custom_1712562093631{margin-top: -20px !important;margin-bottom: 0px !important;}&#8221;][vc_custom_heading text=&#8221;Implantaci\u00f3 i manteniment de sistemes de gesti\u00f3 ambiental (ISO14001) i sistemes de gesti\u00f3 de lenergia (ISO 50001) integrats.&#8221; font_container=&#8221;tag:p|text_align:left&#8221; use_theme_fonts=&#8221;yes&#8221; css=&#8221;.vc_custom_1712564829989{margin-bottom: 30px !important;}&#8221;][\/vc_column][vc_column width=&#8221;1\/2&#8243;][vc_row_inner content_placement=&#8221;middle&#8221; css=&#8221;.vc_custom_1712583200736{margin-bottom: 30px [&hellip;]<\/p>\n","protected":false},"author":1,"featured_media":0,"parent":0,"menu_order":0,"comment_status":"closed","ping_status":"closed","template":"","meta":{"_seopress_robots_primary_cat":"","_seopress_titles_title":"%%sitetitle%% %%sep%% %%tagline%%","_seopress_titles_desc":"Servei de consultoria i gesti\u00f3 ambiental per a empreses i institucions.\nEspecialistes en ind\u00fastria, energia, construcci\u00f3 i turisme.\nMillora la sostenibilitat, redueix l'impacte ambiental i compleix la normativa.\nEquip qualificat per a assolir els teus objectius ambientals.","_seopress_robots_index":"","footnotes":""},"class_list":["post-589","page","type-page","status-publish","hentry"],"_links":{"self":[{"href":"https:\/\/guilloasociados.com\/ca\/wp-json\/wp\/v2\/pages\/589","targetHints":{"allow":["GET"]}}],"collection":[{"href":"https:\/\/guilloasociados.com\/ca\/wp-json\/wp\/v2\/pages"}],"about":[{"href":"https:\/\/guilloasociados.com\/ca\/wp-json\/wp\/v2\/types\/page"}],"author":[{"embeddable":true,"href":"https:\/\/guilloasociados.com\/ca\/wp-json\/wp\/v2\/users\/1"}],"replies":[{"embeddable":true,"href":"https:\/\/guilloasociados.com\/ca\/wp-json\/wp\/v2\/comments?post=589"}],"version-history":[{"count":2,"href":"https:\/\/guilloasociados.com\/ca\/wp-json\/wp\/v2\/pages\/589\/revisions"}],"predecessor-version":[{"id":596,"href":"https:\/\/guilloasociados.com\/ca\/wp-json\/wp\/v2\/pages\/589\/revisions\/596"}],"wp:attachment":[{"href":"https:\/\/guilloasociados.com\/ca\/wp-json\/wp\/v2\/media?parent=589"}],"curies":[{"name":"wp","href":"https:\/\/api.w.org\/{rel}","templated":true}]}}